{"id":1288,"date":"2022-12-14T17:08:14","date_gmt":"2022-12-14T17:08:14","guid":{"rendered":"https:\/\/pedrolmairal.noglen.com\/ca\/?page_id=1288"},"modified":"2023-02-24T09:17:42","modified_gmt":"2023-02-24T09:17:42","slug":"dentista-en-lleida","status":"publish","type":"page","link":"https:\/\/www.pedrolmairal.com\/ca\/dentista-en-lleida\/","title":{"rendered":"La nostra hist\u00f2ria"},"content":{"rendered":"\t\t<div data-elementor-type=\"wp-page\" data-elementor-id=\"1288\" class=\"elementor elementor-1288\">\n\t\t\t\t\t\t<section class=\"elementor-section elementor-top-section elementor-element elementor-element-7dac3b18 elementor-section-height-full elementor-hidden-mobile elementor-section-boxed elementor-section-height-default elementor-section-items-middle\" data-id=\"7dac3b18\" data-element_type=\"section\" data-e-type=\"section\" data-settings=\"{&quot;background_background&quot;:&quot;classic&quot;}\">\n\t\t\t\t\t\t\t<div class=\"elementor-background-overlay\"><\/div>\n\t\t\t\t\t\t\t<div class=\"elementor-container elementor-column-gap-no\">\n\t\t\t\t\t<div class=\"elementor-column elementor-col-100 elementor-top-column elementor-element elementor-element-794a2e1d\" data-id=\"794a2e1d\" data-element_type=\"column\" data-e-type=\"column\">\n\t\t\t<div class=\"elementor-widget-wrap elementor-element-populated\">\n\t\t\t\t\t\t<div class=\"elementor-element elementor-element-331d47de elementor-widget elementor-widget-heading\" data-id=\"331d47de\" data-element_type=\"widget\" data-e-type=\"widget\" data-widget_type=\"heading.default\">\n\t\t\t\t<div class=\"elementor-widget-container\">\n\t\t\t\t\t<h5 class=\"elementor-heading-title elementor-size-default\">CONEIX M\u00c9S SOBRE...<\/h5>\t\t\t\t<\/div>\n\t\t\t\t<\/div>\n\t\t\t\t<div class=\"elementor-element elementor-element-66a7d8be elementor-widget elementor-widget-heading\" data-id=\"66a7d8be\" data-element_type=\"widget\" data-e-type=\"widget\" data-widget_type=\"heading.default\">\n\t\t\t\t<div class=\"elementor-widget-container\">\n\t\t\t\t\t<h2 class=\"elementor-heading-title elementor-size-xxl\">La nostra hist\u00f2ria<\/h2>\t\t\t\t<\/div>\n\t\t\t\t<\/div>\n\t\t\t\t\t<\/div>\n\t\t<\/div>\n\t\t\t\t\t<\/div>\n\t\t<\/section>\n\t\t\t\t<section class=\"elementor-section elementor-top-section elementor-element elementor-element-709a1163 elementor-section-height-min-height elementor-hidden-desktop elementor-hidden-tablet elementor-section-boxed elementor-section-height-default elementor-section-items-middle\" data-id=\"709a1163\" data-element_type=\"section\" data-e-type=\"section\" data-settings=\"{&quot;background_background&quot;:&quot;classic&quot;}\">\n\t\t\t\t\t\t\t<div class=\"elementor-background-overlay\"><\/div>\n\t\t\t\t\t\t\t<div class=\"elementor-container elementor-column-gap-no\">\n\t\t\t\t\t<div class=\"elementor-column elementor-col-100 elementor-top-column elementor-element elementor-element-60c36501\" data-id=\"60c36501\" data-element_type=\"column\" data-e-type=\"column\">\n\t\t\t<div class=\"elementor-widget-wrap elementor-element-populated\">\n\t\t\t\t\t\t<div class=\"elementor-element elementor-element-f5e3007 elementor-widget elementor-widget-heading\" data-id=\"f5e3007\" data-element_type=\"widget\" data-e-type=\"widget\" data-widget_type=\"heading.default\">\n\t\t\t\t<div class=\"elementor-widget-container\">\n\t\t\t\t\t<h6 class=\"elementor-heading-title elementor-size-default\">Coneix m\u00e9s sobre...<\/h6>\t\t\t\t<\/div>\n\t\t\t\t<\/div>\n\t\t\t\t<div class=\"elementor-element elementor-element-68d62bad elementor-widget elementor-widget-heading\" data-id=\"68d62bad\" data-element_type=\"widget\" data-e-type=\"widget\" data-widget_type=\"heading.default\">\n\t\t\t\t<div class=\"elementor-widget-container\">\n\t\t\t\t\t<h1 class=\"elementor-heading-title elementor-size-default\">La nostra hist\u00f2ria<\/h1>\t\t\t\t<\/div>\n\t\t\t\t<\/div>\n\t\t\t\t<div class=\"elementor-element elementor-element-422856a3 elementor-widget elementor-widget-spacer\" data-id=\"422856a3\" data-element_type=\"widget\" data-e-type=\"widget\" data-widget_type=\"spacer.default\">\n\t\t\t\t<div class=\"elementor-widget-container\">\n\t\t\t\t\t\t\t<div class=\"elementor-spacer\">\n\t\t\t<div class=\"elementor-spacer-inner\"><\/div>\n\t\t<\/div>\n\t\t\t\t\t\t<\/div>\n\t\t\t\t<\/div>\n\t\t\t\t\t<\/div>\n\t\t<\/div>\n\t\t\t\t\t<\/div>\n\t\t<\/section>\n\t\t\t\t<section class=\"elementor-section elementor-top-section elementor-element elementor-element-6e9086f7 elementor-section-content-middle animated-slow elementor-hidden-mobile elementor-section-boxed elementor-section-height-default elementor-section-height-default elementor-invisible\" data-id=\"6e9086f7\" data-element_type=\"section\" data-e-type=\"section\" data-settings=\"{&quot;animation&quot;:&quot;fadeInRight&quot;}\">\n\t\t\t\t\t\t<div class=\"elementor-container elementor-column-gap-no\">\n\t\t\t\t\t<div class=\"elementor-column elementor-col-50 elementor-top-column elementor-element elementor-element-4259dc2a\" data-id=\"4259dc2a\" data-element_type=\"column\" data-e-type=\"column\" data-settings=\"{&quot;animation&quot;:&quot;none&quot;}\">\n\t\t\t<div class=\"elementor-widget-wrap elementor-element-populated\">\n\t\t\t\t\t\t<div class=\"elementor-element elementor-element-3e13337 elementor-widget elementor-widget-image\" data-id=\"3e13337\" data-element_type=\"widget\" data-e-type=\"widget\" data-settings=\"{&quot;_animation&quot;:&quot;none&quot;}\" data-widget_type=\"image.default\">\n\t\t\t\t<div class=\"elementor-widget-container\">\n\t\t\t\t\t\t\t\t\t\t\t\t\t\t\t<img decoding=\"async\" src=\"https:\/\/www.pedrolmairal.com\/ca\/wp-content\/uploads\/sites\/3\/elementor\/thumbs\/historia-clinica-lleida-q2ao06vjlo7l8n8bwqx42cp9b95863xg1efdkswf0w.jpg\" title=\"Dentistes Pedrol Mairal\" alt=\"Dentistes Pedrol Mairal\" loading=\"lazy\" \/>\t\t\t\t\t\t\t\t\t\t\t\t\t\t\t<\/div>\n\t\t\t\t<\/div>\n\t\t\t\t\t<\/div>\n\t\t<\/div>\n\t\t\t\t<div class=\"elementor-column elementor-col-50 elementor-top-column elementor-element elementor-element-6728c682\" data-id=\"6728c682\" data-element_type=\"column\" data-e-type=\"column\">\n\t\t\t<div class=\"elementor-widget-wrap elementor-element-populated\">\n\t\t\t\t\t\t<div class=\"elementor-element elementor-element-4e0c42f elementor-widget elementor-widget-heading\" data-id=\"4e0c42f\" data-element_type=\"widget\" data-e-type=\"widget\" data-widget_type=\"heading.default\">\n\t\t\t\t<div class=\"elementor-widget-container\">\n\t\t\t\t\t<h2 class=\"elementor-heading-title elementor-size-default\">La nostra hist\u00f2ria<\/h2>\t\t\t\t<\/div>\n\t\t\t\t<\/div>\n\t\t\t\t<div class=\"elementor-element elementor-element-779e46f1 elementor-widget-divider--view-line elementor-widget elementor-widget-divider\" data-id=\"779e46f1\" data-element_type=\"widget\" data-e-type=\"widget\" data-widget_type=\"divider.default\">\n\t\t\t\t<div class=\"elementor-widget-container\">\n\t\t\t\t\t\t\t<div class=\"elementor-divider\">\n\t\t\t<span class=\"elementor-divider-separator\">\n\t\t\t\t\t\t<\/span>\n\t\t<\/div>\n\t\t\t\t\t\t<\/div>\n\t\t\t\t<\/div>\n\t\t\t\t<div class=\"elementor-element elementor-element-62d4b49e elementor-widget elementor-widget-heading\" data-id=\"62d4b49e\" data-element_type=\"widget\" data-e-type=\"widget\" data-widget_type=\"heading.default\">\n\t\t\t\t<div class=\"elementor-widget-container\">\n\t\t\t\t\t<h6 class=\"elementor-heading-title elementor-size-default\">Benvinguts a casa nostra que ara ser\u00e0 la seva<\/h6>\t\t\t\t<\/div>\n\t\t\t\t<\/div>\n\t\t\t\t<div class=\"elementor-element elementor-element-14c8daa7 elementor-widget elementor-widget-text-editor\" data-id=\"14c8daa7\" data-element_type=\"widget\" data-e-type=\"widget\" data-widget_type=\"text-editor.default\">\n\t\t\t\t<div class=\"elementor-widget-container\">\n\t\t\t\t\t\t\t\t\t<p><span style=\"font-weight: 400;\">Volem ser el teu dentista a Lleida. L&#8217; equip de doctors Pedrol Mairal som metges i odont\u00f2legs amb m\u00e9s de 40 anys d&#8217;experi\u00e8ncia.\u00a0<\/span><\/p><p><span style=\"font-weight: 400;\">Ja que la medicina i l&#8217;odontologia avancen a passos agegantats, cada professional s&#8217;ha especialitzat en una \u00e0rea concreta, per a poder-te oferir el millor tractament.<\/span><\/p><p><span style=\"font-weight: 400;\">L&#8217;any 1982 el Dr. Juan Carlos Pedrol Batlle va obrir la seva primera cl\u00ednica a Almacelles i des d&#8217;aquell moment, el m\u00e9s important per a l&#8217;equip de drs. Pedrol Mairal \u00e9s prioritzar la salut dels nostres pacients.<\/span><\/p><p><span style=\"font-weight: 400;\">Al llarg d&#8217;aquests 40 anys i gr\u00e0cies a la confian\u00e7a dipositada per milers de pacients hem anat creixent i hem obert 12 cl\u00edniques m\u00e9s.\u00a0<\/span><\/p>\t\t\t\t\t\t\t\t<\/div>\n\t\t\t\t<\/div>\n\t\t\t\t\t<\/div>\n\t\t<\/div>\n\t\t\t\t\t<\/div>\n\t\t<\/section>\n\t\t\t\t<section class=\"elementor-section elementor-top-section elementor-element elementor-element-09b5322 elementor-section-content-middle animated-slow elementor-hidden-desktop elementor-hidden-tablet elementor-section-boxed elementor-section-height-default elementor-section-height-default elementor-invisible\" data-id=\"09b5322\" data-element_type=\"section\" data-e-type=\"section\" data-settings=\"{&quot;animation&quot;:&quot;fadeInRight&quot;}\">\n\t\t\t\t\t\t<div class=\"elementor-container elementor-column-gap-no\">\n\t\t\t\t\t<div class=\"elementor-column elementor-col-50 elementor-top-column elementor-element elementor-element-40784ab\" data-id=\"40784ab\" data-element_type=\"column\" data-e-type=\"column\">\n\t\t\t<div class=\"elementor-widget-wrap elementor-element-populated\">\n\t\t\t\t\t\t<div class=\"elementor-element elementor-element-b40faae elementor-widget elementor-widget-heading\" data-id=\"b40faae\" data-element_type=\"widget\" data-e-type=\"widget\" data-widget_type=\"heading.default\">\n\t\t\t\t<div class=\"elementor-widget-container\">\n\t\t\t\t\t<h2 class=\"elementor-heading-title elementor-size-default\">Nuestra historia<\/h2>\t\t\t\t<\/div>\n\t\t\t\t<\/div>\n\t\t\t\t<div class=\"elementor-element elementor-element-28c0dbb elementor-widget-divider--view-line elementor-widget elementor-widget-divider\" data-id=\"28c0dbb\" data-element_type=\"widget\" data-e-type=\"widget\" data-widget_type=\"divider.default\">\n\t\t\t\t<div class=\"elementor-widget-container\">\n\t\t\t\t\t\t\t<div class=\"elementor-divider\">\n\t\t\t<span class=\"elementor-divider-separator\">\n\t\t\t\t\t\t<\/span>\n\t\t<\/div>\n\t\t\t\t\t\t<\/div>\n\t\t\t\t<\/div>\n\t\t\t\t<div class=\"elementor-element elementor-element-e8ab56e elementor-widget elementor-widget-heading\" data-id=\"e8ab56e\" data-element_type=\"widget\" data-e-type=\"widget\" data-widget_type=\"heading.default\">\n\t\t\t\t<div class=\"elementor-widget-container\">\n\t\t\t\t\t<h6 class=\"elementor-heading-title elementor-size-default\">Bienvenidos a nuestra casa que ahora ser\u00e1 la vuestra<\/h6>\t\t\t\t<\/div>\n\t\t\t\t<\/div>\n\t\t\t\t<div class=\"elementor-element elementor-element-dc46383 elementor-widget elementor-widget-text-editor\" data-id=\"dc46383\" data-element_type=\"widget\" data-e-type=\"widget\" data-widget_type=\"text-editor.default\">\n\t\t\t\t<div class=\"elementor-widget-container\">\n\t\t\t\t\t\t\t\t\t<p><span style=\"font-weight: 400;\">El equipo de doctores Pedrol Mairal somos m\u00e9dicos y odont\u00f3logos con m\u00e1s de 40 a\u00f1os de experiencia.<\/span><\/p><p><span style=\"font-weight: 400;\">Dado que la medicina y la odontolog\u00eda avanzan a pasos agigantados, cada profesional se ha especializado en una \u00e1rea concreta, para poderte ofrecer el mejor tratamiento.<\/span><\/p><p><span style=\"font-weight: 400;\">En 1982 el Dr. Juan Carlos Pedrol Batlle abri\u00f3 su primera cl\u00ednica en Almacelles y des de entonces, lo m\u00e1s importante para el equipo de drs. Pedrol Mairal es priorizar la salud de nuestros pacientes.<\/span><\/p><p><span style=\"font-weight: 400;\">A lo largo de estos 40 a\u00f1os y gracias a la confianza depositada por miles de pacientes hemos ido creciendo y hemos abierto 12 cl\u00ednicas m\u00e1s.<\/span><\/p>\t\t\t\t\t\t\t\t<\/div>\n\t\t\t\t<\/div>\n\t\t\t\t\t<\/div>\n\t\t<\/div>\n\t\t\t\t<div class=\"elementor-column elementor-col-50 elementor-top-column elementor-element elementor-element-9c40e1f\" data-id=\"9c40e1f\" data-element_type=\"column\" data-e-type=\"column\" data-settings=\"{&quot;animation&quot;:&quot;none&quot;}\">\n\t\t\t<div class=\"elementor-widget-wrap elementor-element-populated\">\n\t\t\t\t\t\t<div class=\"elementor-element elementor-element-87357c2 elementor-widget elementor-widget-image\" data-id=\"87357c2\" data-element_type=\"widget\" data-e-type=\"widget\" data-settings=\"{&quot;_animation&quot;:&quot;none&quot;}\" data-widget_type=\"image.default\">\n\t\t\t\t<div class=\"elementor-widget-container\">\n\t\t\t\t\t\t\t\t\t\t\t\t\t\t\t<img decoding=\"async\" src=\"https:\/\/www.pedrolmairal.com\/ca\/wp-content\/uploads\/sites\/3\/elementor\/thumbs\/historia-clinica-lleida-q2ao06vjlo7l8n8bwqx42cp9b95863xg1efdkswf0w.jpg\" title=\"Dentistes Pedrol Mairal\" alt=\"Dentistes Pedrol Mairal\" loading=\"lazy\" \/>\t\t\t\t\t\t\t\t\t\t\t\t\t\t\t<\/div>\n\t\t\t\t<\/div>\n\t\t\t\t\t<\/div>\n\t\t<\/div>\n\t\t\t\t\t<\/div>\n\t\t<\/section>\n\t\t\t\t<section class=\"elementor-section elementor-top-section elementor-element elementor-element-b4d00a0 elementor-section-content-middle animated-slow elementor-section-boxed elementor-section-height-default elementor-section-height-default elementor-invisible\" data-id=\"b4d00a0\" data-element_type=\"section\" data-e-type=\"section\" data-settings=\"{&quot;animation&quot;:&quot;fadeInLeft&quot;}\">\n\t\t\t\t\t\t<div class=\"elementor-container elementor-column-gap-no\">\n\t\t\t\t\t<div class=\"elementor-column elementor-col-50 elementor-top-column elementor-element elementor-element-360fc8c\" data-id=\"360fc8c\" data-element_type=\"column\" data-e-type=\"column\">\n\t\t\t<div class=\"elementor-widget-wrap elementor-element-populated\">\n\t\t\t\t\t\t<div class=\"elementor-element elementor-element-65afcce elementor-widget elementor-widget-text-editor\" data-id=\"65afcce\" data-element_type=\"widget\" data-e-type=\"widget\" data-widget_type=\"text-editor.default\">\n\t\t\t\t<div class=\"elementor-widget-container\">\n\t\t\t\t\t\t\t\t\t<p><span style=\"font-weight: 400;\">Les nostres cl\u00edniques estan equipades amb aparells d&#8217;\u00faltima generaci\u00f3 com esc\u00e0ners intraorals per a evitar les inc\u00f2modes pastes, c\u00e0mares intraorals i aparells de radiologia\u00a0 3D (TAC).<\/span><\/p><p><span style=\"font-weight: 400;\">Pots trobar la teva cl\u00ednica drs. Pedrol Mairal a <a href=\"https:\/\/www.pedrolmairal.com\/ca\/clinica-dental-a-lleida-pardinyes\/\">Lleida<\/a>, <a href=\"https:\/\/www.pedrolmairal.com\/ca\/clinica-dental-a-almenar\/\">Almenar,<\/a> <a href=\"https:\/\/www.pedrolmairal.com\/ca\/clinica-dental-en-binefar\/\">Bin\u00e8far,<\/a> <a href=\"https:\/\/www.pedrolmairal.com\/ca\/clinica-dental-a-tamarite\/\">Tamarite<\/a>, <a href=\"https:\/\/www.pedrolmairal.com\/ca\/clinica-dental-a-alguaire\/\">Alguaire<\/a>, <a href=\"https:\/\/www.pedrolmairal.com\/ca\/clinica-dental-a-almacelles\/\">Almacelles<\/a>, <a href=\"https:\/\/www.pedrolmairal.com\/ca\/clinica-dental-a-alcarras\/\">Alcarr\u00e0s<\/a>\u00a0i\u00a0<a href=\"https:\/\/www.pedrolmairal.com\/ca\/clinica-dental-a-reus\/\">Reus<\/a>.<\/span><\/p><p style=\"font-size: 16px; font-style: normal; font-weight: 400;\">A Madrid i a Castell\u00f3 podrem atendre&#8217;t a les<a href=\"https:\/\/carlospedrol.com\/\" target=\"_blank\" rel=\"noopener\">\u00a0cl\u00edniques Carlos Pedrol<\/a>.<\/p><p style=\"font-size: 16px; font-style: normal; font-weight: 400;\">I si desitges visitar-te a Marbella podr\u00e0s fer-ho a la<a href=\"https:\/\/oneclinicmarbella.com\/\" target=\"_blank\" rel=\"noopener\">\u00a0cl\u00ednica One Clinic<\/a>.<\/p><p style=\"font-size: 16px; font-style: normal; font-weight: 400;\">El laboratori que col\u00b7labora amb drs. Pedrol Mairal disposa d&#8217;un gran equip amb impressores 3D i fresadores on s&#8217;elaboren digitalment les pr\u00f2tesis.\u00a0<\/p><p style=\"font-size: 16px; font-style: normal; font-weight: 400;\">El nostre \u00e8xit es d\u00e9u al nostre afany de oferir-li la millor experi\u00e8ncia i tractar-lo com un m\u00e9s de la nostra familia.\u00a0\u00a0<\/p>\t\t\t\t\t\t\t\t<\/div>\n\t\t\t\t<\/div>\n\t\t\t\t\t<\/div>\n\t\t<\/div>\n\t\t\t\t<div class=\"elementor-column elementor-col-50 elementor-top-column elementor-element elementor-element-375bbab elementor-hidden-mobile\" data-id=\"375bbab\" data-element_type=\"column\" data-e-type=\"column\" data-settings=\"{&quot;animation&quot;:&quot;none&quot;}\">\n\t\t\t<div class=\"elementor-widget-wrap elementor-element-populated\">\n\t\t\t\t\t\t<div class=\"elementor-element elementor-element-7f600f6 elementor-widget elementor-widget-qi_addons_for_elementor_image_gallery_masonry\" data-id=\"7f600f6\" data-element_type=\"widget\" data-e-type=\"widget\" data-widget_type=\"qi_addons_for_elementor_image_gallery_masonry.default\">\n\t\t\t\t<div class=\"elementor-widget-container\">\n\t\t\t\t\t<div class=\"qodef-shortcode qodef-m qodef-qi-image-gallery-masonry qodef-qi-fslightbox-popup qodef-popup-gallery qodef-image--hover-zoom qodef-qi-grid qodef-layout--qi-masonry qodef-items--fixed qodef-col-num--2 qodef-responsive--predefined\">\n\t<div class=\"qodef-grid-inner\">\n\t\t\t<div class=\"qodef-qi-grid-masonry-sizer\"><\/div>\n<div class=\"qodef-e qodef-image-wrapper qodef-grid-item qodef-item--landscape\">\n\t<div class=\"qodef-e-inner\">\n\t\t\t\t\t<a class=\"qodef-popup-item\" itemprop=\"image\" href=\"https:\/\/www.pedrolmairal.com\/ca\/wp-content\/uploads\/sites\/3\/2022\/12\/historia-Clinica-Carlos-Pedrol-1-e1672334850913.jpg\" data-type=\"image\" data-fslightbox=\"gallery-1\">\n\t\t\t\t\t<img fetchpriority=\"high\" decoding=\"async\" width=\"1300\" height=\"650\" src=\"https:\/\/www.pedrolmairal.com\/ca\/wp-content\/uploads\/sites\/3\/2022\/12\/historia-Clinica-Carlos-Pedrol-1-e1672334850913-1300x650.jpg\" class=\"attachment-qi_addons_for_elementor_image_size_landscape size-qi_addons_for_elementor_image_size_landscape\" alt=\"\" \/>\t\t\t\t\t<\/a>\n\t\t\t<\/div>\n<\/div>\n<div class=\"qodef-e qodef-image-wrapper qodef-grid-item qodef-item--square\">\n\t<div class=\"qodef-e-inner\">\n\t\t\t\t\t<a class=\"qodef-popup-item\" itemprop=\"image\" href=\"https:\/\/www.pedrolmairal.com\/ca\/wp-content\/uploads\/sites\/3\/2022\/12\/historia-clinica-one-marbella.jpg\" data-type=\"image\" data-fslightbox=\"gallery-1\">\n\t\t\t\t\t<img decoding=\"async\" width=\"650\" height=\"650\" src=\"https:\/\/www.pedrolmairal.com\/ca\/wp-content\/uploads\/sites\/3\/2022\/12\/historia-clinica-one-marbella-650x650.jpg\" class=\"attachment-qi_addons_for_elementor_image_size_square size-qi_addons_for_elementor_image_size_square\" alt=\"\" srcset=\"https:\/\/www.pedrolmairal.com\/ca\/wp-content\/uploads\/sites\/3\/2022\/12\/historia-clinica-one-marbella-650x650.jpg 650w, https:\/\/www.pedrolmairal.com\/ca\/wp-content\/uploads\/sites\/3\/2022\/12\/historia-clinica-one-marbella-150x150.jpg 150w\" sizes=\"(max-width: 650px) 100vw, 650px\" \/>\t\t\t\t\t<\/a>\n\t\t\t<\/div>\n<\/div>\n<div class=\"qodef-e qodef-image-wrapper qodef-grid-item qodef-item--square\">\n\t<div class=\"qodef-e-inner\">\n\t\t\t\t\t<a class=\"qodef-popup-item\" itemprop=\"image\" href=\"https:\/\/www.pedrolmairal.com\/ca\/wp-content\/uploads\/sites\/3\/2022\/12\/historia-Seu-PedrolMairal.jpg\" data-type=\"image\" data-fslightbox=\"gallery-1\">\n\t\t\t\t\t<img decoding=\"async\" width=\"650\" height=\"650\" src=\"https:\/\/www.pedrolmairal.com\/ca\/wp-content\/uploads\/sites\/3\/2022\/12\/historia-Seu-PedrolMairal-650x650.jpg\" class=\"attachment-qi_addons_for_elementor_image_size_square size-qi_addons_for_elementor_image_size_square\" alt=\"\" srcset=\"https:\/\/www.pedrolmairal.com\/ca\/wp-content\/uploads\/sites\/3\/2022\/12\/historia-Seu-PedrolMairal-650x650.jpg 650w, https:\/\/www.pedrolmairal.com\/ca\/wp-content\/uploads\/sites\/3\/2022\/12\/historia-Seu-PedrolMairal-150x150.jpg 150w, https:\/\/www.pedrolmairal.com\/ca\/wp-content\/uploads\/sites\/3\/2022\/12\/historia-Seu-PedrolMairal-1300x1300.jpg 1300w\" sizes=\"(max-width: 650px) 100vw, 650px\" \/>\t\t\t\t\t<\/a>\n\t\t\t<\/div>\n<\/div>\n\t<\/div>\n<\/div>\n\t\t\t\t<\/div>\n\t\t\t\t<\/div>\n\t\t\t\t\t<\/div>\n\t\t<\/div>\n\t\t\t\t\t<\/div>\n\t\t<\/section>\n\t\t\t\t<section class=\"elementor-section elementor-top-section elementor-element elementor-element-9e0cbab elementor-section-boxed elementor-section-height-default elementor-section-height-default\" data-id=\"9e0cbab\" data-element_type=\"section\" data-e-type=\"section\">\n\t\t\t\t\t\t<div class=\"elementor-container elementor-column-gap-default\">\n\t\t\t\t\t<div class=\"elementor-column elementor-col-100 elementor-top-column elementor-element elementor-element-4e7f5d4\" data-id=\"4e7f5d4\" data-element_type=\"column\" data-e-type=\"column\">\n\t\t\t<div class=\"elementor-widget-wrap elementor-element-populated\">\n\t\t\t\t\t\t<div class=\"elementor-element elementor-element-d53611b elementor-widget elementor-widget-spacer\" data-id=\"d53611b\" data-element_type=\"widget\" data-e-type=\"widget\" data-widget_type=\"spacer.default\">\n\t\t\t\t<div class=\"elementor-widget-container\">\n\t\t\t\t\t\t\t<div class=\"elementor-spacer\">\n\t\t\t<div class=\"elementor-spacer-inner\"><\/div>\n\t\t<\/div>\n\t\t\t\t\t\t<\/div>\n\t\t\t\t<\/div>\n\t\t\t\t<div class=\"elementor-element elementor-element-d4d01a5 elementor-widget elementor-widget-qi_addons_for_elementor_animated_text\" data-id=\"d4d01a5\" data-element_type=\"widget\" data-e-type=\"widget\" data-widget_type=\"qi_addons_for_elementor_animated_text.default\">\n\t\t\t\t<div class=\"elementor-widget-container\">\n\t\t\t\t\t<div class=\"qodef-shortcode qodef-m qodef-qi-animated-text qodef--animated-by-letter qodef--alignment-center qodef-qi--has-appear qodef--appear-fade\" >\n\t\t<h3 class=\"qodef-m-title\">\n\t\t<span class=\"qodef-e-word-holder\">Gr\u00e0cies<\/span> <span class=\"qodef-e-word-holder\">per<\/span> <span class=\"qodef-e-word-holder\">haver-nos<\/span> <span class=\"qodef-e-word-holder\">escollit<\/span>\t<\/h3>\n<\/div>\n\t\t\t\t<\/div>\n\t\t\t\t<\/div>\n\t\t\t\t<div class=\"elementor-element elementor-element-80bd2e3 elementor-widget elementor-widget-spacer\" data-id=\"80bd2e3\" data-element_type=\"widget\" data-e-type=\"widget\" data-widget_type=\"spacer.default\">\n\t\t\t\t<div class=\"elementor-widget-container\">\n\t\t\t\t\t\t\t<div class=\"elementor-spacer\">\n\t\t\t<div class=\"elementor-spacer-inner\"><\/div>\n\t\t<\/div>\n\t\t\t\t\t\t<\/div>\n\t\t\t\t<\/div>\n\t\t\t\t\t<\/div>\n\t\t<\/div>\n\t\t\t\t\t<\/div>\n\t\t<\/section>\n\t\t\t\t<\/div>\n\t\t","protected":false},"excerpt":{"rendered":"<p>CONEIX M\u00c9S SOBRE&#8230; La nostra hist\u00f2ria Coneix m\u00e9s sobre&#8230; La nostra hist\u00f2ria La nostra hist\u00f2ria Benvinguts a casa nostra que ara ser\u00e0 la seva Volem ser el teu dentista a Lleida. L&#8217; equip de doctors Pedrol Mairal som metges i odont\u00f2legs amb m\u00e9s de 40 anys d&#8217;experi\u00e8ncia.&nbsp; Ja que la medicina i l&#8217;odontologia avancen a [&hellip;]<\/p>\n","protected":false},"author":2,"featured_media":0,"parent":0,"menu_order":0,"comment_status":"closed","ping_status":"closed","template":"","meta":{"site-sidebar-layout":"no-sidebar","site-content-layout":"page-builder","ast-site-content-layout":"default","site-content-style":"default","site-sidebar-style":"default","ast-global-header-display":"","ast-banner-title-visibility":"","ast-main-header-display":"","ast-hfb-above-header-display":"","ast-hfb-below-header-display":"","ast-hfb-mobile-header-display":"","site-post-title":"disabled","ast-breadcrumbs-content":"disabled","ast-featured-img":"disabled","footer-sml-layout":"","ast-disable-related-posts":"","theme-transparent-header-meta":"enabled","adv-header-id-meta":"","stick-header-meta":"","header-above-stick-meta":"","header-main-stick-meta":"","header-below-stick-meta":"","astra-migrate-meta-layouts":"default","ast-page-background-enabled":"default","ast-page-background-meta":{"desktop":{"background-color":"var(--ast-global-color-4)","background-image":"","background-repeat":"repeat","background-position":"center center","background-size":"auto","background-attachment":"scroll","background-type":"","background-media":"","overlay-type":"","overlay-color":"","overlay-opacity":"","overlay-gradient":""},"tablet":{"background-color":"","background-image":"","background-repeat":"repeat","background-position":"center center","background-size":"auto","background-attachment":"scroll","background-type":"","background-media":"","overlay-type":"","overlay-color":"","overlay-opacity":"","overlay-gradient":""},"mobile":{"background-color":"","background-image":"","background-repeat":"repeat","background-position":"center center","background-size":"auto","background-attachment":"scroll","background-type":"","background-media":"","overlay-type":"","overlay-color":"","overlay-opacity":"","overlay-gradient":""}},"ast-content-background-meta":{"desktop":{"background-color":"var(--ast-global-color-5)","background-image":"","background-repeat":"repeat","background-position":"center center","background-size":"auto","background-attachment":"scroll","background-type":"","background-media":"","overlay-type":"","overlay-color":"","overlay-opacity":"","overlay-gradient":""},"tablet":{"background-color":"var(--ast-global-color-5)","background-image":"","background-repeat":"repeat","background-position":"center center","background-size":"auto","background-attachment":"scroll","background-type":"","background-media":"","overlay-type":"","overlay-color":"","overlay-opacity":"","overlay-gradient":""},"mobile":{"background-color":"var(--ast-global-color-5)","background-image":"","background-repeat":"repeat","background-position":"center center","background-size":"auto","background-attachment":"scroll","background-type":"","background-media":"","overlay-type":"","overlay-color":"","overlay-opacity":"","overlay-gradient":""}},"footnotes":""},"class_list":["post-1288","page","type-page","status-publish","hentry"],"_links":{"self":[{"href":"https:\/\/www.pedrolmairal.com\/ca\/wp-json\/wp\/v2\/pages\/1288","targetHints":{"allow":["GET"]}}],"collection":[{"href":"https:\/\/www.pedrolmairal.com\/ca\/wp-json\/wp\/v2\/pages"}],"about":[{"href":"https:\/\/www.pedrolmairal.com\/ca\/wp-json\/wp\/v2\/types\/page"}],"author":[{"embeddable":true,"href":"https:\/\/www.pedrolmairal.com\/ca\/wp-json\/wp\/v2\/users\/2"}],"replies":[{"embeddable":true,"href":"https:\/\/www.pedrolmairal.com\/ca\/wp-json\/wp\/v2\/comments?post=1288"}],"version-history":[{"count":134,"href":"https:\/\/www.pedrolmairal.com\/ca\/wp-json\/wp\/v2\/pages\/1288\/revisions"}],"predecessor-version":[{"id":5172,"href":"https:\/\/www.pedrolmairal.com\/ca\/wp-json\/wp\/v2\/pages\/1288\/revisions\/5172"}],"wp:attachment":[{"href":"https:\/\/www.pedrolmairal.com\/ca\/wp-json\/wp\/v2\/media?parent=1288"}],"curies":[{"name":"wp","href":"https:\/\/api.w.org\/{rel}","templated":true}]}}