{"id":1535,"date":"2022-12-20T07:50:13","date_gmt":"2022-12-20T07:50:13","guid":{"rendered":"https:\/\/pedrolmairal.noglen.com\/ca\/?page_id=1535"},"modified":"2023-02-06T10:30:37","modified_gmt":"2023-02-06T10:30:37","slug":"politica-de-privacitat","status":"publish","type":"page","link":"https:\/\/www.pedrolmairal.com\/ca\/politica-de-privacitat\/","title":{"rendered":"Pol\u00edtica de Privacitat"},"content":{"rendered":"\t\t<div data-elementor-type=\"wp-page\" data-elementor-id=\"1535\" class=\"elementor elementor-1535\">\n\t\t\t\t\t\t<section class=\"elementor-section elementor-top-section elementor-element elementor-element-d7d801d elementor-section-height-full elementor-section-boxed elementor-section-height-default elementor-section-items-middle\" data-id=\"d7d801d\" data-element_type=\"section\" data-e-type=\"section\" data-settings=\"{&quot;background_background&quot;:&quot;classic&quot;}\">\n\t\t\t\t\t\t\t<div class=\"elementor-background-overlay\"><\/div>\n\t\t\t\t\t\t\t<div class=\"elementor-container elementor-column-gap-no\">\n\t\t\t\t\t<div class=\"elementor-column elementor-col-100 elementor-top-column elementor-element elementor-element-1897415\" data-id=\"1897415\" data-element_type=\"column\" data-e-type=\"column\">\n\t\t\t<div class=\"elementor-widget-wrap elementor-element-populated\">\n\t\t\t\t\t\t<div class=\"elementor-element elementor-element-32cd5c7 elementor-widget elementor-widget-heading\" data-id=\"32cd5c7\" data-element_type=\"widget\" data-e-type=\"widget\" data-widget_type=\"heading.default\">\n\t\t\t\t<div class=\"elementor-widget-container\">\n\t\t\t\t\t<h1 class=\"elementor-heading-title elementor-size-default\">Pol\u00edtica de privacitat <\/h1>\t\t\t\t<\/div>\n\t\t\t\t<\/div>\n\t\t\t\t\t<\/div>\n\t\t<\/div>\n\t\t\t\t\t<\/div>\n\t\t<\/section>\n\t\t\t\t<section class=\"elementor-section elementor-top-section elementor-element elementor-element-1768be3 animated-slow elementor-section-boxed elementor-section-height-default elementor-section-height-default elementor-invisible\" data-id=\"1768be3\" data-element_type=\"section\" data-e-type=\"section\" data-settings=\"{&quot;animation&quot;:&quot;fadeInLeft&quot;}\">\n\t\t\t\t\t\t<div class=\"elementor-container elementor-column-gap-default\">\n\t\t\t\t\t<div class=\"elementor-column elementor-col-100 elementor-top-column elementor-element elementor-element-7736e55\" data-id=\"7736e55\" data-element_type=\"column\" data-e-type=\"column\">\n\t\t\t<div class=\"elementor-widget-wrap elementor-element-populated\">\n\t\t\t\t\t\t<div class=\"elementor-element elementor-element-2dd1684 elementor-widget elementor-widget-heading\" data-id=\"2dd1684\" data-element_type=\"widget\" data-e-type=\"widget\" data-widget_type=\"heading.default\">\n\t\t\t\t<div class=\"elementor-widget-container\">\n\t\t\t\t\t<h2 class=\"elementor-heading-title elementor-size-default\">Pol\u00edtica de privacitat <\/h2>\t\t\t\t<\/div>\n\t\t\t\t<\/div>\n\t\t\t\t<div class=\"elementor-element elementor-element-448e497 elementor-widget-divider--view-line elementor-widget elementor-widget-divider\" data-id=\"448e497\" data-element_type=\"widget\" data-e-type=\"widget\" data-widget_type=\"divider.default\">\n\t\t\t\t<div class=\"elementor-widget-container\">\n\t\t\t\t\t\t\t<div class=\"elementor-divider\">\n\t\t\t<span class=\"elementor-divider-separator\">\n\t\t\t\t\t\t<\/span>\n\t\t<\/div>\n\t\t\t\t\t\t<\/div>\n\t\t\t\t<\/div>\n\t\t\t\t<div class=\"elementor-element elementor-element-30dbc27 elementor-widget elementor-widget-text-editor\" data-id=\"30dbc27\" data-element_type=\"widget\" data-e-type=\"widget\" data-widget_type=\"text-editor.default\">\n\t\t\t\t<div class=\"elementor-widget-container\">\n\t\t\t\t\t\t\t\t\t<p>A JUAN CARLOS PEDROL BATLLE (d&#8217;ara endavant DRS. PEDROL MAIRAL CL\u00cdNIQUES DENTALS) treballem per a garantir la privacitat en el tractament de les seves dades personals. Hem actualitzat la nostra Pol\u00edtica de Privacitat per a informar clarament de com recollim, utilitzem i custodiem les dades de les persones que contacten amb la nostra empresa:<\/p><ul><li>\u00a0Responsable del tractament.<\/li><li>\u00a0Finalitats del tractament de les dades.<\/li><li>\u00a0Per\u00edode de conservaci\u00f3 de dades.\u00a0<\/li><li>\u00a0Legitimaci\u00f3 per al tractament de dades.<\/li><li>\u00a0Comunicaci\u00f3 de dades.<\/li><li>\u00a0Transfer\u00e8ncies internacionals de dades.<\/li><li>\u00a0Els seus drets.<\/li><li>\u00a0Obtenci\u00f3 de les seves dades.<\/li><\/ul><h5><b>Qui \u00e9s el responsable del tractament de les seves dades?<\/b><\/h5><table><tbody><tr><td>Ra\u00f3 social:<\/td><td>JUAN CARLOS PEDROL BATLLE<\/td><\/tr><tr><td>Nom comercial:<\/td><td>DRS. PEDROL MAIRAL\u00a0<\/td><\/tr><tr><td>NIF:<\/td><td>40851160D<\/td><\/tr><tr><td>Adre\u00e7a postal:<\/td><td>Passeig de Ronda, 133-135, 25006 Lleida<\/td><\/tr><tr><td>Tel\u00e8fono:<\/td><td>+34 973 24 99 24<\/td><\/tr><tr><td>Correu electr\u00f2nico:<\/td><td>administracio@pedrolmairal.com<\/td><\/tr><\/tbody><\/table><h5><b>Amb quina finalitat tractem les seves dades personals? <\/b>A DRS. PEDROL MAIRAL el tractament de dades es realitza amb les seg\u00fcents finalitats, en funci\u00f3 del motiu pel qual ens l&#8217;hagi facilitat:<\/h5><ul><li>Gestionar dades facilitades directament pel propi interessat, a nivell particular, per a informar dels nostres productes i serveis, donar resposta a la seva sol\u00b7licitud, petici\u00f3 o consulta i fer un seguiment posterior.<\/li><li>Gestionar, les dades proporcionades pel pacient en el moment de contractar els nostres serveis, a nivell organitzatiu, comptable, fiscal i administratiu, aix\u00ed com per a informar sobre serveis, esdeveniments i not\u00edcies relacionades amb la nostra activitat professional que puguin ser del seu inter\u00e8s.<\/li><li>Gestionar les dades particulars de l&#8217;USUARI per la seva participaci\u00f3 en els diferents esdeveniments o activitats que organitzem i ens hagin autoritzat per a informar sobre altres activitats o esdeveniments que puguem organitzar en relaci\u00f3 amb projectes o serveis que puguin ser del seu inter\u00e8s.<\/li><li>Realitzar, si \u00e9s el cas, el perfil d&#8217;usuari per a oferir-li els nostres productes i serveis.<\/li><\/ul><h5><b>Quant temps conservarem les seves dades?<\/b><\/h5><ul><li>Les dades per a la gesti\u00f3 de la relaci\u00f3 amb el pacient i la facturaci\u00f3 i cobrament dels serveis seran conservades durant tot el temps en qu\u00e8 la relaci\u00f3 mercantil estigui vigent. Una vegada finalitzada aquesta relaci\u00f3, si \u00e9s el cas, les dades podran ser conservades durant el temps exigit per la legislaci\u00f3 aplicable i fins que prescriguin les eventuals responsabilitats derivades de la relaci\u00f3 mercantil.<\/li><li>Les dades relatives a publicacions de comentaris sobre els nostres productes es mantindran durant la vig\u00e8ncia i publicitat dels productes o serveis als quals fan refer\u00e8ncia, tret que s&#8217;expressi el seu desig que siguin eliminats en qualsevol moment.<\/li><li>Les dades per a la participaci\u00f3 en esdeveniments i activitats es conservaran durant el temps que durin els mateixos, per a gestionar el seu desenvolupament i, despr\u00e9s, fins que prescriguin les possibles responsabilitats derivades de la seva realitzaci\u00f3.<\/li><li>Les dades per a l&#8217;enviament de comunicacions comercials i elaboraci\u00f3 de perfils comercials dels nostres productes o serveis seran conservats indefinidament fins que, si \u00e9s el cas, ens manifestin la seva voluntat de suprimir-los.<\/li><\/ul><h5><b>Quina \u00e9s la legitimaci\u00f3 per al tractament de les seves dades?<\/b><\/h5><ul><li>La base legal per al tractament de les seves dades de les finalitats 1 a 3 \u00e9s l&#8217;execuci\u00f3 contractual de la prestaci\u00f3 del servei corresponent.<\/li><li>L&#8217;oferta prospectiva de productes i serveis a pacients t\u00e9 com a base la satisfacci\u00f3 de l&#8217;inter\u00e8s leg\u00edtim empresarial consistent a poder oferir als nostres pacients la contractaci\u00f3 altres productes o serveis i aconseguir aix\u00ed la seva fidelitzaci\u00f3. Aquest inter\u00e8s leg\u00edtim es reconeix per la normativa legal aplicable (Reglament General de Protecci\u00f3 de Dades), que permet expressament el tractament de dades personals sobre aquesta base legal amb finalitats de m\u00e0rqueting directe.<\/li><\/ul><h5>No obstant aix\u00f2, li recordem que t\u00e9 dret a oposar-se a aquest tractament de les seves dades, i pot fer-lo per qualsevol dels mitjans descrits en aquesta Pol\u00edtica.<\/h5><ul><li>La base de l&#8217;enviament de comunicacions comercials a usuaris no pacients \u00e9s el consentiment que s&#8217;ha sol\u00b7licitat, i pot ser revocat en qualsevol moment. La retirada d&#8217;aquest consentiment no afectar\u00e0 en cap cas a l&#8217;execuci\u00f3 del contracte, per\u00f2 els tractaments de dades amb aquesta finalitat efectuades amb anterioritat no perdran la seva licitud pel fet que el consentiment s&#8217;hagi revocat.<\/li><\/ul><h5>A quins destinataris es comunicaran les seves dades? No se cediran dades a tercers excepte a:<\/h5><ul><li>Als <strong>professionals m\u00e8dics<\/strong> especialistes col\u00b7laboradors del centre i m\u00fatues per l&#8217;atenci\u00f3 dels serveis demandats.<\/li><li>A les\u00a0<strong>entitats financeres<\/strong>\u00a0a trav\u00e9s de les quals s&#8217;articuli la gesti\u00f3 de cobraments i pagaments.<\/li><li>A les\u00a0<strong>administracions p\u00fabliques<\/strong>\u00a0competents, en els casos que preveu la Llei i per als fins en ella definits.<\/li><\/ul><h5><b>Transfer\u00e8ncies de dades a tercers pa\u00efsos?\u00a0<\/b><\/h5><h5>No es realitzen transfer\u00e8ncies internacionals de dades.<\/h5><h5><b>\u00bfCu\u00e1les son sus derechos cuando nos facilita sus datos?<\/b><\/h5><ul><li><div class=\"thread-list-item-message-column\"><div><div class=\"message ql-snow\"><div class=\"ql-editor\"><p>Qualsevol persona t\u00e9 dret a obtenir confirmaci\u00f3 sobre si, en DRS. PEDROL MAIRAL , estem tractant dades personals que els concerneixin, o no.<\/p><\/div><\/div><\/div><\/div><\/li><li>Les persones interessades tenen dret a accedir a les seves dades personals, aix\u00ed com a sol\u00b7licitar la rectificaci\u00f3 de les dades inexactes o, si \u00e9s el cas, sol\u00b7licitar la seva supressi\u00f3 quan, entre altres motius, les dades ja no siguin necessaris per als fins per als quals van ser recollides.<\/li><li>En determinades circumst\u00e0ncies, els interessats podran sol\u00b7licitar la limitaci\u00f3 del tractament de les seves dades o la seva portabilitat, en aquest cas \u00fanicament els conservarem per a l&#8217;exercici o la defensa de reclamacions.<\/li><li>En determinades circumst\u00e0ncies i per motius relacionats amb la seva situaci\u00f3 particular, els interessats podran oposar-se al tractament de les seves dades. En aquest cas, JUAN CARLOS\u00a0PEDROL\u00a0BATLLE\u00a0deixar\u00e0 de tractar les dades, excepte per motius leg\u00edtims imperiosos, o l&#8217;exercici o la defensa de possibles reclamacions.<\/li><\/ul><h5>Vost\u00e9 podr\u00e0 exercir materialment els seus drets de la seg\u00fcent manera:<\/h5><ul><li>Per correu electr\u00f2nic adjuntant c\u00f2pia del seu DNI a: administracio@pedrolmairal.com.<\/li><li>Per correu postal adjuntant c\u00f2pia del seu DNI a Gran Passeig de Ronda, 133-135, 25006 Lleida.<\/li><li>A les adreces de correu electr\u00f2nic o correu postal indicades li oferirem els formularis corresponents per a exercir materialment aquests drets.<\/li><\/ul><ul><li>Si ha atorgat el seu consentiment per a alguna finalitat concreta, t\u00e9 dret a retirar el consentiment atorgat en qualsevol moment, sense que aix\u00f2 afecti la licitud del tractament basat en el seu consentiment previ a la seva retirada.<\/li><li>En el cas que consideri vulnerats els seus drets perqu\u00e8 fa a la protecci\u00f3 de les seves dades personals, especialment quan no hagi obtingut satisfacci\u00f3 en l&#8217;exercici dels seus drets, pot presentar una reclamaci\u00f3 davant l&#8217;Autoritat de Control en mat\u00e8ria de protecci\u00f3 de dades competent a trav\u00e9s del seu lloc web: www.agpd.es.<\/li><\/ul><h5><b>Com hem obtingut les seves dades?<\/b><\/h5><ul><li>Les dades personals que tractem a DRS. PEDROL MAIR procedeixen dels propis interessats o el seu representant legal.<\/li><li>Li recordem que no han de facilitar dades de tercers salvat que tinguem la seva autoritzaci\u00f3 i els hi hagi informat pr\u00e8viament.<\/li><\/ul>\t\t\t\t\t\t\t\t<\/div>\n\t\t\t\t<\/div>\n\t\t\t\t\t<\/div>\n\t\t<\/div>\n\t\t\t\t\t<\/div>\n\t\t<\/section>\n\t\t\t\t<\/div>\n\t\t","protected":false},"excerpt":{"rendered":"<p>Pol\u00edtica de privacitat Pol\u00edtica de privacitat A JUAN CARLOS PEDROL BATLLE (d&#8217;ara endavant DRS. PEDROL MAIRAL CL\u00cdNIQUES DENTALS) treballem per a garantir la privacitat en el tractament de les seves dades personals. Hem actualitzat la nostra Pol\u00edtica de Privacitat per a informar clarament de com recollim, utilitzem i custodiem les dades de les persones que [&hellip;]<\/p>\n","protected":false},"author":2,"featured_media":0,"parent":0,"menu_order":0,"comment_status":"closed","ping_status":"closed","template":"","meta":{"site-sidebar-layout":"no-sidebar","site-content-layout":"page-builder","ast-site-content-layout":"default","site-content-style":"default","site-sidebar-style":"default","ast-global-header-display":"","ast-banner-title-visibility":"","ast-main-header-display":"","ast-hfb-above-header-display":"","ast-hfb-below-header-display":"","ast-hfb-mobile-header-display":"","site-post-title":"disabled","ast-breadcrumbs-content":"disabled","ast-featured-img":"disabled","footer-sml-layout":"","ast-disable-related-posts":"","theme-transparent-header-meta":"enabled","adv-header-id-meta":"","stick-header-meta":"","header-above-stick-meta":"","header-main-stick-meta":"","header-below-stick-meta":"","astra-migrate-meta-layouts":"default","ast-page-background-enabled":"default","ast-page-background-meta":{"desktop":{"background-color":"var(--ast-global-color-4)","background-image":"","background-repeat":"repeat","background-position":"center center","background-size":"auto","background-attachment":"scroll","background-type":"","background-media":"","overlay-type":"","overlay-color":"","overlay-opacity":"","overlay-gradient":""},"tablet":{"background-color":"","background-image":"","background-repeat":"repeat","background-position":"center center","background-size":"auto","background-attachment":"scroll","background-type":"","background-media":"","overlay-type":"","overlay-color":"","overlay-opacity":"","overlay-gradient":""},"mobile":{"background-color":"","background-image":"","background-repeat":"repeat","background-position":"center center","background-size":"auto","background-attachment":"scroll","background-type":"","background-media":"","overlay-type":"","overlay-color":"","overlay-opacity":"","overlay-gradient":""}},"ast-content-background-meta":{"desktop":{"background-color":"var(--ast-global-color-5)","background-image":"","background-repeat":"repeat","background-position":"center center","background-size":"auto","background-attachment":"scroll","background-type":"","background-media":"","overlay-type":"","overlay-color":"","overlay-opacity":"","overlay-gradient":""},"tablet":{"background-color":"var(--ast-global-color-5)","background-image":"","background-repeat":"repeat","background-position":"center center","background-size":"auto","background-attachment":"scroll","background-type":"","background-media":"","overlay-type":"","overlay-color":"","overlay-opacity":"","overlay-gradient":""},"mobile":{"background-color":"var(--ast-global-color-5)","background-image":"","background-repeat":"repeat","background-position":"center center","background-size":"auto","background-attachment":"scroll","background-type":"","background-media":"","overlay-type":"","overlay-color":"","overlay-opacity":"","overlay-gradient":""}},"footnotes":""},"class_list":["post-1535","page","type-page","status-publish","hentry"],"_links":{"self":[{"href":"https:\/\/www.pedrolmairal.com\/ca\/wp-json\/wp\/v2\/pages\/1535","targetHints":{"allow":["GET"]}}],"collection":[{"href":"https:\/\/www.pedrolmairal.com\/ca\/wp-json\/wp\/v2\/pages"}],"about":[{"href":"https:\/\/www.pedrolmairal.com\/ca\/wp-json\/wp\/v2\/types\/page"}],"author":[{"embeddable":true,"href":"https:\/\/www.pedrolmairal.com\/ca\/wp-json\/wp\/v2\/users\/2"}],"replies":[{"embeddable":true,"href":"https:\/\/www.pedrolmairal.com\/ca\/wp-json\/wp\/v2\/comments?post=1535"}],"version-history":[{"count":34,"href":"https:\/\/www.pedrolmairal.com\/ca\/wp-json\/wp\/v2\/pages\/1535\/revisions"}],"predecessor-version":[{"id":4696,"href":"https:\/\/www.pedrolmairal.com\/ca\/wp-json\/wp\/v2\/pages\/1535\/revisions\/4696"}],"wp:attachment":[{"href":"https:\/\/www.pedrolmairal.com\/ca\/wp-json\/wp\/v2\/media?parent=1535"}],"curies":[{"name":"wp","href":"https:\/\/api.w.org\/{rel}","templated":true}]}}