{"id":1548,"date":"2022-12-20T08:01:25","date_gmt":"2022-12-20T08:01:25","guid":{"rendered":"https:\/\/pedrolmairal.noglen.com\/ca\/?page_id=1548"},"modified":"2023-02-06T09:56:09","modified_gmt":"2023-02-06T09:56:09","slug":"politica-de-cookies","status":"publish","type":"page","link":"https:\/\/www.pedrolmairal.com\/ca\/politica-de-cookies\/","title":{"rendered":"Pol\u00edtica de Cookies"},"content":{"rendered":"\t\t<div data-elementor-type=\"wp-page\" data-elementor-id=\"1548\" class=\"elementor elementor-1548\">\n\t\t\t\t\t\t<section class=\"elementor-section elementor-top-section elementor-element elementor-element-d7d801d elementor-section-height-full elementor-section-boxed elementor-section-height-default elementor-section-items-middle\" data-id=\"d7d801d\" data-element_type=\"section\" data-e-type=\"section\" data-settings=\"{&quot;background_background&quot;:&quot;classic&quot;}\">\n\t\t\t\t\t\t\t<div class=\"elementor-background-overlay\"><\/div>\n\t\t\t\t\t\t\t<div class=\"elementor-container elementor-column-gap-no\">\n\t\t\t\t\t<div class=\"elementor-column elementor-col-100 elementor-top-column elementor-element elementor-element-1897415\" data-id=\"1897415\" data-element_type=\"column\" data-e-type=\"column\">\n\t\t\t<div class=\"elementor-widget-wrap elementor-element-populated\">\n\t\t\t\t\t\t<div class=\"elementor-element elementor-element-32cd5c7 elementor-widget elementor-widget-heading\" data-id=\"32cd5c7\" data-element_type=\"widget\" data-e-type=\"widget\" data-widget_type=\"heading.default\">\n\t\t\t\t<div class=\"elementor-widget-container\">\n\t\t\t\t\t<h1 class=\"elementor-heading-title elementor-size-default\">Pol\u00edtica de Cookies<\/h1>\t\t\t\t<\/div>\n\t\t\t\t<\/div>\n\t\t\t\t\t<\/div>\n\t\t<\/div>\n\t\t\t\t\t<\/div>\n\t\t<\/section>\n\t\t\t\t<section class=\"elementor-section elementor-top-section elementor-element elementor-element-1768be3 animated-slow elementor-section-boxed elementor-section-height-default elementor-section-height-default elementor-invisible\" data-id=\"1768be3\" data-element_type=\"section\" data-e-type=\"section\" data-settings=\"{&quot;animation&quot;:&quot;fadeInLeft&quot;}\">\n\t\t\t\t\t\t<div class=\"elementor-container elementor-column-gap-default\">\n\t\t\t\t\t<div class=\"elementor-column elementor-col-100 elementor-top-column elementor-element elementor-element-7736e55\" data-id=\"7736e55\" data-element_type=\"column\" data-e-type=\"column\">\n\t\t\t<div class=\"elementor-widget-wrap elementor-element-populated\">\n\t\t\t\t\t\t<div class=\"elementor-element elementor-element-2dd1684 elementor-widget elementor-widget-heading\" data-id=\"2dd1684\" data-element_type=\"widget\" data-e-type=\"widget\" data-widget_type=\"heading.default\">\n\t\t\t\t<div class=\"elementor-widget-container\">\n\t\t\t\t\t<h2 class=\"elementor-heading-title elementor-size-default\">Pol\u00edtica de cookies<\/h2>\t\t\t\t<\/div>\n\t\t\t\t<\/div>\n\t\t\t\t<div class=\"elementor-element elementor-element-448e497 elementor-widget-divider--view-line elementor-widget elementor-widget-divider\" data-id=\"448e497\" data-element_type=\"widget\" data-e-type=\"widget\" data-widget_type=\"divider.default\">\n\t\t\t\t<div class=\"elementor-widget-container\">\n\t\t\t\t\t\t\t<div class=\"elementor-divider\">\n\t\t\t<span class=\"elementor-divider-separator\">\n\t\t\t\t\t\t<\/span>\n\t\t<\/div>\n\t\t\t\t\t\t<\/div>\n\t\t\t\t<\/div>\n\t\t\t\t<div class=\"elementor-element elementor-element-30dbc27 elementor-widget elementor-widget-text-editor\" data-id=\"30dbc27\" data-element_type=\"widget\" data-e-type=\"widget\" data-widget_type=\"text-editor.default\">\n\t\t\t\t<div class=\"elementor-widget-container\">\n\t\t\t\t\t\t\t\t\t<h5><b>Qu\u00e8 \u00e9s una cookie?<\/b><\/h5><h6>Una\u00a0cookie\u00a0\u00e9s un fitxer que es descarrega al seu ordinador en accedir l&#8217;Usuari a determinades p\u00e0gines web. Les cookies permeten en una p\u00e0gina web, entre altres coses, emmagatzemar i recuperar informaci\u00f3 sobre els h\u00e0bits de navegaci\u00f3 d&#8217;un usuari o del seu equip i, depenent de la informaci\u00f3 que continguin i de la forma en qu\u00e8 utilitzi el seu equip, es poden utilitzar per a recon\u00e8ixer a l&#8217;usuari.<\/h6><h5><b>Quin tipus de cookies hi ha?<\/b><\/h5><h6>Hi ha diversos tipus de cookies en funci\u00f3 de diferents criteris:<\/h6><h6>En funci\u00f3 del temps que romanen activades:<\/h6><ul><li><b>Cookies de sessi\u00f3.<\/b> s\u00f3n un tipus de cookies dissenyades per a demanar i emmagatzemar dades mentre l&#8217;usuari accedeix en una p\u00e0gina web.<\/li><\/ul><ul><li><b>Cookies permanents:<\/b> s\u00f3n un tipus de cookies en el qual les dades segueixen emmagatzemats en el terminal i poden ser accedits i tractats durant un per\u00edode definit pel responsable de la galeta.<\/li><\/ul><h6>En funci\u00f3 de la titularitat:<\/h6><ul><li><b>Cookies pr\u00f2pies.<\/b> S\u00f3n les que pertanyen a JUAN CARLOS PEDROL BATLLE.<\/li><\/ul><ul><li><b>Cookies de tercers.<\/b> S\u00f3n aquellas, de les quals, la titularitat \u00e9s d&#8217;un tercer, diferent de JUAN CARLOS PEDROL BATLLE, que ser\u00e0 qui tracta la informaci\u00f3 recollida.<\/li><\/ul><h6>En funci\u00f3n de la seva finalitat:<\/h6><ul><li><b>Cookies t\u00e8cniques i \/ o de personalitzaci\u00f3.<\/b> S\u00f3n aquelles que serveixen per a millorar el servei, localitzar incid\u00e8ncies, recon\u00e8ixer a l&#8217;usuari, etc.<\/li><\/ul><ul><li><b>Cookies d&#8217;an\u00e0lisis i \/ o de publicitat.<\/b> S\u00f3n aquelles que serveixen per a analitzar informaci\u00f3 sobre la navegaci\u00f3 i oferir publicitat, ja sigui gen\u00e8rica o personalitzada.<\/li><\/ul><h5><b>Quin tipus de cookies s\u00f3n m\u00e9s habituals?<\/b><\/h5><h6><b>T\u00c8CNIQUES:<\/b> s\u00f3n cookies PR\u00d2PIES, de sessi\u00f3, d&#8217;identificaci\u00f3, de configuraci\u00f3 i de registre, estrictament necess\u00e0ries per a la identificaci\u00f3 de l&#8217;usuari i per a la prestaci\u00f3 dels serveis sol\u2022licitats per l&#8217;usuari. La informaci\u00f3 obtinguda a trav\u00e9s de les mateixes \u00e9s tractada \u00fanicament per JUAN CARLOS PEDROL BATLLE. <b>D&#8217;AN\u00c0LISIS:<\/b> s\u00f3n aquelles que, tan si s\u00f3n tractades per nosaltres o per tercers, ens permeten quantificar el n\u00famero d&#8217;usuaris i aix\u00ed realitzar la medici\u00f3 i an\u00e0lisis estad\u00edstic de la utilitzaci\u00f3 que fan els usuaris del servei ofert. Per aix\u00f2 s&#8217;analitza la seva navegaci\u00f3 a la nostra p\u00e0gina web per a millorar l&#8217;oferta de productes o serveis que li oferim. <b>DE PUBLICITAT:<\/b> s\u00f3n aquelles que, tractades per nosaltres o per tercers, permeten la gesti\u00f3, de la forma m\u00e9s efica\u00e7 possible, dels espais publicitaris que es poguessin incloure a la nostra p\u00e0gina web i \/ o emmagatzemen informaci\u00f3 del comportament dels usuaris obtinguda a trav\u00e9s de la observaci\u00f3 continuada. Gr\u00e0cies a elles, podem con\u00e8ixer els h\u00e0bits de navegaci\u00f3 a internet i mostrar-li publicitat relacionada ambel seu perfil de navegaci\u00f3.<\/h6><h5><b>Per a qu\u00e8 serveix una cookie?<\/b><\/h5><h6>Les cookies s&#8217;utilitzen per a poder oferir-serveis i \/ o publicitat personalitzats, per a analitzar el funcionament del sistema, recon\u00e8ixer quan accedeix com a usuari, localitzar incid\u00e8ncies i problemes que puguin sorgir i solucionar en el menor termini possible, aix\u00ed com analitzar i mesurar l&#8217;\u00fas i activitat de la p\u00e0gina web.<\/h6><h5><b>Es necessita el meu consentiment per a implantar una cookie?<\/b><\/h5><h6>No fa falta el consentiment per a la instal\u00b7laci\u00f3 de cookies t\u00e8cniques o les que siguin estrictament necess\u00e0ries per a la prestaci\u00f3 d&#8217;un servei de la societat de la informaci\u00f3 expressament sol\u2022licitat pel destinatari. Per a la resta, s\u00ed que es necessita el consentiment de l&#8217;interessat que es pot nom\u00e9s sol\u2022licitar per diferents vies. En el cas de JUAN CARLOS\u00a0PEDROL\u00a0BATLLE, s&#8217;entendr\u00e0 atorgat si Vost\u00e8 continua utilitzant la p\u00e0gina web, sense perjudici que en qualsevol moment podr\u00e0 revocar-i desactivar les cookies.<\/h6><h5><b>Quin tipus de cookies utilitza aquesta p\u00e0gina web?<\/b><\/h5><h6><b>Cookies t\u00e8cnicas:<\/b> s\u00f3n <span class=\"hiddenGrammarError\">aquelles<\/span>\u00a0creades i gestionades \u00fanicament per nosaltres, i permeten a l&#8217;usuari la navegaci\u00f3 a trav\u00e9s de la nostra p\u00e0gina web i la utilitzaci\u00f3 de les diferents opcions com, per exemple, identificar la sessi\u00f3, personalitzar informaci\u00f3 o accedir en zones d&#8217;acc\u00e9s restringit. El lloc web de JUAN CARLOS PEDROL BATLLE, utilitza (o pot utilitzar) Google Analytics, una eina d&#8217;anal\u00edtica web desenvolupada per Google, que ajuda els propietaris de llocs web a mesurar com interactuen els usuaris amb el contingut del lloc. Per la prestaci\u00f3 d&#8217;aquests serveis, Google Analytics usen\u00a0<span class=\"hiddenGrammarError\">cookies<\/span>\u00a0que recopilen la informaci\u00f3, inclosa l&#8217;adre\u00e7a IP de l&#8217;usuari que ser\u00e0 transmesa, tractada i emmagatzemada per Google en els termes fixats a la web Google.com. Per a m\u00e9s informaci\u00f3 veure: <a href=\"https:\/\/developers.google.com\/analytics\/devguides\/collection\/analyticsjs\/cookie-usage\" target=\"_blank\" rel=\"noopener\">https:\/\/developers.google.com\/analytics\/devguides\/collection\/analyticsjs\/cookie-usage<\/a> El domini web <a href=\"https:\/\/www.pedrolmairal.com\/\">www.pedrolmairal.com<\/a> utilitza els seg\u00fcents tipus de cookies:<\/h6><table border=\"1\"><tbody><tr><th>Nom de la cookie<\/th><th>Finalitat<\/th><th>Expira<\/th><\/tr><tr><td>_ga<\/td><td>S&#8217;usa per a diferenciar entre usuaris i sessions. La\u00a0cookie\u00a0es crea en carregar la llibreria JavaScript i no hi ha una versi\u00f3 pr\u00e8via de la galeta _ga. La\u00a0cookie\u00a0s&#8217;utilitza cada vegada que envia les dades a Google\u00a0Analytics.<\/td><td>2 anys<\/td><\/tr><tr><td>_gato<\/td><td>S&#8217;utilitza per a limitar el percentatge de sol\u00b7licituds. Si heu implementat Anal\u00edtica Google utilitzant Google etiqueta director, aquesta galeta es denomina _dc_**gtm_\u00a0&lt; propietat \u2013 identificador &gt;.<\/td><td>1 minut<\/td><\/tr><tr><td>_gid<\/td><td>S&#8217;utilitza per a distingir els usuaris. Cookie de Google Analytics.<\/td><td>24 hores<\/td><\/tr><tr><td>PHPSESSID<\/td><td>La seva finalitat \u00e9s la de controlar la sessi\u00f3 de l&#8217;usuari. Necess\u00e0ries per a la navegaci\u00f3 i el bon funcionament de la p\u00e0gina web.\u00a0<\/td><td>Al finalitzar la sessi\u00f3<\/td><\/tr><\/tbody><\/table><h5><b>Com desactivar cookies?<\/b><\/h5><h6>Pot permetre, bloquejar o eliminar les cookies instal\u00b7lades al seu equip mitjan\u00e7ant les opcions del navegador al seu ordinador.\u00a0<\/h6><ul><li>Firefox : <a href=\"https:\/\/support.mozilla.org\/es\/kb\/habilitar-y-deshabilitar-cookies-sitios-web-rastrear-preferencias?redirectlocale=es&amp;redirectslug=habilitar-y-deshabilitar-cookies-que-los-sitios-we\" target=\"_blank\" rel=\"noopener\">https:\/\/support.mozilla.org\/es\/kb\/habilitar-y-deshabilitar-cookies-sitios-web-rastrear-preferencias?redirectlocale=es&amp;redirectslug=habilitar-*y-deshabilitar-*cookies-que-*los-*sitios-*we<\/a><\/li><\/ul><ul><li>Chrome: <a href=\"https:\/\/support.google.com\/chrome\/answer\/95647?hl=es\" target=\"_blank\" rel=\"noopener\">https:\/\/support.google.com\/chrome\/answer\/95647?hl=es<\/a><\/li><\/ul><ul><li>Internet Explorer: <a href=\"https:\/\/support.microsoft.com\/es-es\/products\/windows?os=windows-10\" target=\"_blank\" rel=\"noopener\">https:\/\/support.microsoft.com\/es-es\/products\/windows?os=windows-10<\/a><\/li><\/ul><ul><li>Safari: <a href=\"https:\/\/support.apple.com\/kb\/ph5042?locale=es_ES\" target=\"_blank\" rel=\"noopener\">https:\/\/support.apple.com\/kb\/ph5042?locale=es_es<\/a><\/li><\/ul><ul><li>Safari per a iOS: <a href=\"https:\/\/support.apple.com\/es-es\/HT201265\" target=\"_blank\" rel=\"noopener\">https:\/\/support.apple.com\/es-es\/ht201265<\/a><\/li><\/ul><ul><li>Opera: <a href=\"http:\/\/help.opera.com\/Windows\/11.50\/es-ES\/cookies.html\" target=\"_blank\" rel=\"noopener\">http:\/\/help.opera.com\/windows\/11.50\/es-es\/cookies.html<\/a><\/li><\/ul>\t\t\t\t\t\t\t\t<\/div>\n\t\t\t\t<\/div>\n\t\t\t\t\t<\/div>\n\t\t<\/div>\n\t\t\t\t\t<\/div>\n\t\t<\/section>\n\t\t\t\t<\/div>\n\t\t","protected":false},"excerpt":{"rendered":"<p>Pol\u00edtica de Cookies Pol\u00edtica de cookies Qu\u00e8 \u00e9s una cookie? Una\u00a0cookie\u00a0\u00e9s un fitxer que es descarrega al seu ordinador en accedir l&#8217;Usuari a determinades p\u00e0gines web. Les cookies permeten en una p\u00e0gina web, entre altres coses, emmagatzemar i recuperar informaci\u00f3 sobre els h\u00e0bits de navegaci\u00f3 d&#8217;un usuari o del seu equip i, depenent de la [&hellip;]<\/p>\n","protected":false},"author":2,"featured_media":0,"parent":0,"menu_order":0,"comment_status":"closed","ping_status":"closed","template":"","meta":{"site-sidebar-layout":"no-sidebar","site-content-layout":"page-builder","ast-site-content-layout":"default","site-content-style":"default","site-sidebar-style":"default","ast-global-header-display":"","ast-banner-title-visibility":"","ast-main-header-display":"","ast-hfb-above-header-display":"","ast-hfb-below-header-display":"","ast-hfb-mobile-header-display":"","site-post-title":"disabled","ast-breadcrumbs-content":"disabled","ast-featured-img":"disabled","footer-sml-layout":"","ast-disable-related-posts":"","theme-transparent-header-meta":"enabled","adv-header-id-meta":"","stick-header-meta":"","header-above-stick-meta":"","header-main-stick-meta":"","header-below-stick-meta":"","astra-migrate-meta-layouts":"default","ast-page-background-enabled":"default","ast-page-background-meta":{"desktop":{"background-color":"var(--ast-global-color-4)","background-image":"","background-repeat":"repeat","background-position":"center center","background-size":"auto","background-attachment":"scroll","background-type":"","background-media":"","overlay-type":"","overlay-color":"","overlay-opacity":"","overlay-gradient":""},"tablet":{"background-color":"","background-image":"","background-repeat":"repeat","background-position":"center center","background-size":"auto","background-attachment":"scroll","background-type":"","background-media":"","overlay-type":"","overlay-color":"","overlay-opacity":"","overlay-gradient":""},"mobile":{"background-color":"","background-image":"","background-repeat":"repeat","background-position":"center center","background-size":"auto","background-attachment":"scroll","background-type":"","background-media":"","overlay-type":"","overlay-color":"","overlay-opacity":"","overlay-gradient":""}},"ast-content-background-meta":{"desktop":{"background-color":"var(--ast-global-color-5)","background-image":"","background-repeat":"repeat","background-position":"center center","background-size":"auto","background-attachment":"scroll","background-type":"","background-media":"","overlay-type":"","overlay-color":"","overlay-opacity":"","overlay-gradient":""},"tablet":{"background-color":"var(--ast-global-color-5)","background-image":"","background-repeat":"repeat","background-position":"center center","background-size":"auto","background-attachment":"scroll","background-type":"","background-media":"","overlay-type":"","overlay-color":"","overlay-opacity":"","overlay-gradient":""},"mobile":{"background-color":"var(--ast-global-color-5)","background-image":"","background-repeat":"repeat","background-position":"center center","background-size":"auto","background-attachment":"scroll","background-type":"","background-media":"","overlay-type":"","overlay-color":"","overlay-opacity":"","overlay-gradient":""}},"footnotes":""},"class_list":["post-1548","page","type-page","status-publish","hentry"],"_links":{"self":[{"href":"https:\/\/www.pedrolmairal.com\/ca\/wp-json\/wp\/v2\/pages\/1548","targetHints":{"allow":["GET"]}}],"collection":[{"href":"https:\/\/www.pedrolmairal.com\/ca\/wp-json\/wp\/v2\/pages"}],"about":[{"href":"https:\/\/www.pedrolmairal.com\/ca\/wp-json\/wp\/v2\/types\/page"}],"author":[{"embeddable":true,"href":"https:\/\/www.pedrolmairal.com\/ca\/wp-json\/wp\/v2\/users\/2"}],"replies":[{"embeddable":true,"href":"https:\/\/www.pedrolmairal.com\/ca\/wp-json\/wp\/v2\/comments?post=1548"}],"version-history":[{"count":27,"href":"https:\/\/www.pedrolmairal.com\/ca\/wp-json\/wp\/v2\/pages\/1548\/revisions"}],"predecessor-version":[{"id":4434,"href":"https:\/\/www.pedrolmairal.com\/ca\/wp-json\/wp\/v2\/pages\/1548\/revisions\/4434"}],"wp:attachment":[{"href":"https:\/\/www.pedrolmairal.com\/ca\/wp-json\/wp\/v2\/media?parent=1548"}],"curies":[{"name":"wp","href":"https:\/\/api.w.org\/{rel}","templated":true}]}}